{"id":21619,"date":"2024-12-03T16:08:25","date_gmt":"2024-12-03T15:08:25","guid":{"rendered":"https:\/\/parafia-rozniszew.pl\/wp\/?page_id=21619"},"modified":"2024-12-04T12:39:25","modified_gmt":"2024-12-04T11:39:25","slug":"rok-jubileuszowy-2025","status":"publish","type":"page","link":"https:\/\/parafia-rozniszew.pl\/wp\/?page_id=21619","title":{"rendered":"Rok Jubileuszowy 2025"},"content":{"rendered":"<p>[et_pb_section fb_built=&#8221;1&#8243; admin_label=&#8221;section&#8221; _builder_version=&#8221;4.16&#8243; global_colors_info=&#8221;{}&#8221;][et_pb_row column_structure=&#8221;3_5,2_5&#8243; admin_label=&#8221;row&#8221; _builder_version=&#8221;4.16&#8243; background_size=&#8221;initial&#8221; background_position=&#8221;top_left&#8221; background_repeat=&#8221;repeat&#8221; global_colors_info=&#8221;{}&#8221;][et_pb_column type=&#8221;3_5&#8243; _builder_version=&#8221;4.16&#8243; custom_padding=&#8221;|||&#8221; global_colors_info=&#8221;{}&#8221; custom_padding__hover=&#8221;|||&#8221;][et_pb_blog include_categories=&#8221;258&#8243; show_thumbnail=&#8221;off&#8221; show_content=&#8221;on&#8221; show_author=&#8221;off&#8221; show_date=&#8221;off&#8221; show_categories=&#8221;off&#8221; show_pagination=&#8221;off&#8221; admin_label=&#8221;Dla rodziny&#8221; _builder_version=&#8221;4.27.4&#8243; _module_preset=&#8221;default&#8221; header_text_color=&#8221;RGBA(255,255,255,0)&#8221; global_colors_info=&#8221;{}&#8221;][\/et_pb_blog][\/et_pb_column][et_pb_column type=&#8221;2_5&#8243; _builder_version=&#8221;4.16&#8243; custom_padding=&#8221;|||&#8221; global_colors_info=&#8221;{}&#8221; custom_padding__hover=&#8221;|||&#8221;][et_pb_blog include_categories=&#8221;261&#8243; show_thumbnail=&#8221;off&#8221; show_content=&#8221;on&#8221; show_author=&#8221;off&#8221; show_date=&#8221;off&#8221; show_categories=&#8221;off&#8221; show_pagination=&#8221;off&#8221; _builder_version=&#8221;4.27.4&#8243; _module_preset=&#8221;default&#8221; header_text_color=&#8221;RGBA(255,255,255,0)&#8221; box_shadow_style=&#8221;preset2&#8243; global_colors_info=&#8221;{}&#8221;][\/et_pb_blog][\/et_pb_column][\/et_pb_row][et_pb_row _builder_version=&#8221;4.27.4&#8243; _module_preset=&#8221;default&#8221; global_colors_info=&#8221;{}&#8221;][et_pb_column type=&#8221;4_4&#8243; _builder_version=&#8221;4.27.4&#8243; _module_preset=&#8221;default&#8221; global_colors_info=&#8221;{}&#8221;][et_pb_divider _builder_version=&#8221;4.27.4&#8243; _module_preset=&#8221;default&#8221; global_colors_info=&#8221;{}&#8221;][\/et_pb_divider][et_pb_blog posts_number=&#8221;1&#8243; include_categories=&#8221;263&#8243; show_thumbnail=&#8221;off&#8221; show_content=&#8221;on&#8221; show_author=&#8221;off&#8221; show_date=&#8221;off&#8221; show_categories=&#8221;off&#8221; show_pagination=&#8221;off&#8221; _builder_version=&#8221;4.27.4&#8243; _module_preset=&#8221;default&#8221; header_text_color=&#8221;RGBA(255,255,255,0)&#8221; box_shadow_style=&#8221;preset2&#8243; global_colors_info=&#8221;{}&#8221;][\/et_pb_blog][et_pb_divider _builder_version=&#8221;4.27.4&#8243; _module_preset=&#8221;default&#8221; global_colors_info=&#8221;{}&#8221;][\/et_pb_divider][et_pb_code _builder_version=&#8221;4.27.4&#8243; _module_preset=&#8221;default&#8221; box_shadow_style=&#8221;preset2&#8243; animation_style=&#8221;slide&#8221; hover_enabled=&#8221;0&#8243; sticky_enabled=&#8221;0&#8243;]<!-- Widget Shortcode --><div id=\"randomizer_widget-8\" class=\"widget widget_randomizer_widget widget-shortcode area-wp_inactive_widgets \"><div class=\"hom2\">Litania do Naj\u015bwi\u0119tszego Serca Pana Jezusa<\/div>\r\n\r\n<div class=\"tresc1\">Kyrie eleison.\r\nChriste, eleison.\r\nKyrie eleison.<\/div>\r\n\r\n<div class=\"tresc1\">Chryste, us\u0142ysz nas. <em>- Chryste, wys\u0142uchaj nas.<\/em><\/div>\r\n\r\n<div class=\"tresc1\">Ojcze z nieba, Bo\u017ce, <em>- zmi\u0142uj si\u0119 nad nami.<\/em><\/div>\r\n\r\n<div class=\"tresc1\">Synu, Odkupicielu \u015bwiata, Bo\u017ce, <em>- zmi\u0142uj si\u0119 nad nami.<\/em><\/div>\r\n\r\n<div class=\"tresc1\">Duchu \u015awi\u0119ty, Bo\u017ce, <em>- zmi\u0142uj si\u0119 nad nami.<\/em><\/div>\r\n\r\n<div class=\"tresc1\">\u015awi\u0119ta Tr\u00f3jco, Jedyny Bo\u017ce, <em>- zmi\u0142uj si\u0119 nad nami.<\/em><\/div>\r\n\r\n<div class=\"tresc1\">Serce Jezusa, Syna Ojca Przedwiecznego, <em>- zmi\u0142uj si\u0119 nad nami.<\/em><\/div>\r\n\r\n<div class=\"tresc1\">Serce Jezusa, w \u0142onie Matki Dziewicy przez Ducha \u015awi\u0119tego utworzone, <em>- zmi\u0142uj si\u0119 nad nami.<\/em><\/div>\r\n\r\n<div class=\"tresc1\">Serce Jezusa, ze S\u0142owem Bo\u017cym istotowo zjednoczone, <em>- zmi\u0142uj si\u0119 nad nami.<\/em><\/div>\r\n\r\n<div class=\"tresc1\">Serce Jezusa, niesko\u0144czonego majestatu, <em>- zmi\u0142uj si\u0119 nad nami.<\/em><\/div>\r\n\r\n<div class=\"tresc1\">Serce Jezusa, \u015bwi\u0105tynio Boga, <em>- zmi\u0142uj si\u0119 nad nami.<\/em><\/div>\r\n\r\n<div class=\"tresc1\">Serce Jezusa, przybytku Najwy\u017cszego, <em>- zmi\u0142uj si\u0119 nad nami.<\/em><\/div>\r\n\r\n<div class=\"tresc1\">Serce Jezusa, domie Bo\u017cy i bramo niebios, <em>- zmi\u0142uj si\u0119 nad nami.<\/em><\/div>\r\n\r\n<div class=\"tresc1\">Serce Jezusa, gorej\u0105ce ognisko mi\u0142o\u015bci, <em>- zmi\u0142uj si\u0119 nad nami.<\/em><\/div>\r\n\r\n<div class=\"tresc1\">Serce Jezusa, sprawiedliwo\u015bci i mi\u0142o\u015bci skarbnico, <em>- zmi\u0142uj si\u0119 nad nami.<\/em><\/div>\r\n\r\n<div class=\"tresc1\">Serce Jezusa, dobroci i mi\u0142o\u015bci pe\u0142ne, <em>- zmi\u0142uj si\u0119 nad nami.<\/em><\/div>\r\n\r\n<div class=\"tresc1\">Serce Jezusa, cn\u00f3t wszelkich bezdenna g\u0142\u0119bino, <em>- zmi\u0142uj si\u0119 nad nami.<\/em><\/div>\r\n\r\n<div class=\"tresc1\">Serce Jezusa, wszelkiej chwa\u0142y najgodniejsze, <em>- zmi\u0142uj si\u0119 nad nami.<\/em><\/div>\r\n\r\n<div class=\"tresc1\">Serce Jezusa, kr\u00f3lu i zjednoczenie serc wszystkich, <em>- zmi\u0142uj si\u0119 nad nami.<\/em><\/div>\r\n\r\n<div class=\"tresc1\">Serce Jezusa, w kt\u00f3rym s\u0105 wszystkie skarby m\u0105dro\u015bci i umiej\u0119tno\u015bci, <em>- zmi\u0142uj si\u0119 nad nami.<\/em><\/div>\r\n\r\n<div class=\"tresc1\">Serce Jezusa, w kt\u00f3rym mieszka ca\u0142a pe\u0142nia B\u00f3stwa, <em>- zmi\u0142uj si\u0119 nad nami.<\/em><\/div>\r\n\r\n<div class=\"tresc1\">Serce Jezusa, w kt\u00f3rym sobie Ojciec bardzo upodoba\u0142, <em>- zmi\u0142uj si\u0119 nad nami.<\/em><\/div>\r\n\r\n<div class=\"tresc1\">Serce Jezusa, z kt\u00f3rego pe\u0142ni wszyscy\u015bmy otrzymali, <em>- zmi\u0142uj si\u0119 nad nami.<\/em><\/div>\r\n\r\n<div class=\"tresc1\">Serce Jezusa, odwieczne upragnienie \u015bwiata, <em>- zmi\u0142uj si\u0119 nad nami.<\/em><\/div>\r\n\r\n<div class=\"tresc1\">Serce Jezusa, cierpliwe i wielkiego mi\u0142osierdzia, <em>- zmi\u0142uj si\u0119 nad nami.<\/em><\/div>\r\n\r\n<div class=\"tresc1\">Serce Jezusa, hojne dla wszystkich, kt\u00f3rzy Ci\u0119 wzywaj\u0105, <em>- zmi\u0142uj si\u0119 nad nami.<\/em><\/div>\r\n\r\n<div class=\"tresc1\">Serce Jezusa, \u017ar\u00f3d\u0142o \u017cycia i \u015bwi\u0119to\u015bci, <em>- zmi\u0142uj si\u0119 nad nami.<\/em><\/div>\r\n\r\n<div class=\"tresc1\">Serce Jezusa, przeb\u0142aganie za grzechy nasze, <em>- zmi\u0142uj si\u0119 nad nami.<\/em><\/div>\r\n\r\n<div class=\"tresc1\">Serce Jezusa, zel\u017cywo\u015bci\u0105 nape\u0142nione, <em>- zmi\u0142uj si\u0119 nad nami.<\/em><\/div>\r\n\r\n<div class=\"tresc1\">Serce Jezusa, dla nieprawo\u015bci naszych starte, <em>- zmi\u0142uj si\u0119 nad nami.<\/em><\/div>\r\n\r\n<div class=\"tresc1\">Serce Jezusa, a\u017c do \u015bmierci pos\u0142uszne, <em>- zmi\u0142uj si\u0119 nad nami.<\/em><\/div>\r\n\r\n<div class=\"tresc1\">Serce Jezusa, w\u0142\u00f3czni\u0105 przebite, <em>- zmi\u0142uj si\u0119 nad nami.<\/em><\/div>\r\n\r\n<div class=\"tresc1\">Serce Jezusa, \u017ar\u00f3d\u0142o wszelkiej pociechy, <em>- zmi\u0142uj si\u0119 nad nami.<\/em><\/div>\r\n\r\n<div class=\"tresc1\">Serce Jezusa, \u017cycie i zmartwychwstanie nasze, <em>- zmi\u0142uj si\u0119 nad nami.<\/em><\/div>\r\n\r\n<div class=\"tresc1\">Serce Jezusa, pokoju i pojednanie nasze, <em>- zmi\u0142uj si\u0119 nad nami.<\/em><\/div>\r\n\r\n<div class=\"tresc1\">Serce Jezusa, krwawa ofiaro grzesznik\u00f3w, <em>- zmi\u0142uj si\u0119 nad nami.<\/em><\/div>\r\n\r\n<div class=\"tresc1\">Serce Jezusa, zbawienie ufaj\u0105cych Tobie, <em>- zmi\u0142uj si\u0119 nad nami.<\/em><\/div>\r\n\r\n<div class=\"tresc1\">Serce Jezusa, nadziejo w Tobie umieraj\u0105cych, <em>- zmi\u0142uj si\u0119 nad nami.<\/em><\/div>\r\n\r\n<div class=\"tresc1\">Serce Jezusa, rozkoszy wszystkich \u015awi\u0119tych, <em>- zmi\u0142uj si\u0119 nad nami.<\/em><\/div>\r\n\r\n<div class=\"tresc1\">Baranku Bo\u017cy, kt\u00f3ry g\u0142adzisz grzechy \u015bwiata,<em> - przepu\u015b\u0107 nam, Panie.<\/em><\/div>\r\n\r\n<div class=\"tresc1\">Baranku Bo\u017cy, kt\u00f3ry g\u0142adzisz grzechy \u015bwiata,<em> - wys\u0142uchaj nas, Panie.<\/em><\/div>\r\n\r\n<div class=\"tresc1\">Baranku Bo\u017cy, kt\u00f3ry g\u0142adzisz grzechy \u015bwiata,<em> - zmi\u0142uj si\u0119 nad nami.<\/em><\/div>\r\n\r\n<div class=\"tresc1\"><span>P.<\/span> Jezu cichy i pokornego serca.<\/div>\r\n\r\n<div class=\"tresc1\"><span>W.<\/span><em> Uczy\u0144 serca nasze wed\u0142ug Serca Twego.<\/em><\/div>\r\n\r\n<div class=\"tresc1\"><span>P.<\/span> <strong>M\u00f3dlmy si\u0119.<\/strong> Wszechmog\u0105cy, wieczny Bo\u017ce, wejrzyj na Serce najmilszego Syna swego i na chwa\u0142\u0119, i zado\u015b\u0107uczynienie, jakie w imieniu grzesznik\u00f3w Ci sk\u0142ada, <span>\u2020<\/span> daj si\u0119 przeb\u0142aga\u0107 tym, kt\u00f3rzy \u017cebrz\u0105 Twojego mi\u0142osierdzia, <span>*<\/span> i racz udzieli\u0107 przebaczenia w imi\u0119 tego\u017c Syna swego, Jezusa Chrystusa, kt\u00f3ry z Tob\u0105 \u017cyje i kr\u00f3luje na wieki wiek\u00f3w.<\/div>\r\n\r\n<div class=\"tresc1\"><span>W.<\/span> Amen.<\/div>\r\n<\/div><!-- \/Widget Shortcode -->[\/et_pb_code][\/et_pb_column][\/et_pb_row][\/et_pb_section]<\/p>\n","protected":false},"excerpt":{"rendered":"<p><!-- Widget Shortcode --><\/p>\n<div id=\"randomizer_widget-8\" class=\"widget widget_randomizer_widget widget-shortcode area-wp_inactive_widgets \">\n<div class=\"hom2\">Znak krzy\u017ca \u015bwi\u0119tego<\/div>\n<div class=\"tresc1\">W imi\u0119 Ojca i Syna, i Ducha \u015awi\u0119tego. Amen.<\/div>\n<p><odstep><\/odstep><\/p>\n<div class=\"hom2\">Ojcze nasz<\/div>\n<div class=\"tresc1\">Ojcze nasz, kt\u00f3ry\u015b jest w niebie, \u015bwi\u0119\u0107 si\u0119 imi\u0119 Twoje, przyjd\u017a kr\u00f3lestwo Twoje, b\u0105d\u017a wola Twoja jako w niebie, tak i na ziemi. Chleba naszego powszedniego daj nam dzisiaj. I odpu\u015b\u0107 nam nasze winy, jako i my odpuszczamy naszym winowajcom. I nie w\u00f3d\u017a nas na pokuszenie, ale nas zbaw ode z\u0142ego. Amen.<\/div>\n<p><odstep><\/odstep><\/p>\n<p><odstep><\/odstep><\/p>\n<div class=\"hom2\">Zdrowa\u015b Maryjo<\/div>\n<div class=\"tresc1\">Zdrowa\u015b Maryjo, \u0142aski pe\u0142na, Pan z Tob\u0105, b\u0142ogos\u0142awiona\u015b Ty mi\u0119dzy niewiastami i b\u0142ogos\u0142awiony owoc \u017cywota Twojego, Jezus. \u015awi\u0119ta Maryjo, Matko Bo\u017ca, m\u00f3dl si\u0119 za nami grzesznymi, teraz i w godzin\u0119 \u015bmierci naszej. Amen.<\/div>\n<p><odstep><\/odstep><\/p>\n<div class=\"hom2\">Sk\u0142ad apostolski<\/div>\n<div class=\"tresc1\">Wierz\u0119 w Boga, Ojca wszechmog\u0105cego, Stworzyciela nieba i ziemi. I w Jezusa Chrystusa, Syna Jego Jedynego, Pana naszego, kt\u00f3ry si\u0119 pocz\u0105\u0142 z Ducha \u015awi\u0119tego, narodzi\u0142 si\u0119 z Maryi Panny, um\u0119czon pod Ponckim Pi\u0142atem, ukrzy\u017cowan, umar\u0142 i pogrzebion, zst\u0105pi\u0142 do piekie\u0142, trzeciego dnia zmartwychwsta\u0142, wst\u0105pi\u0142 na niebiosa, siedzi po prawicy Boga, Ojca wszechmog\u0105cego, stamt\u0105d przyjdzie s\u0105dzi\u0107 \u017cywych i umar\u0142ych. Wierz\u0119 w Ducha \u015awi\u0119tego, \u015bwi\u0119ty Ko\u015bci\u00f3\u0142 powszechny, \u015bwi\u0119tych obcowanie, grzech\u00f3w odpuszczenie, cia\u0142a zmartwychwstanie, \u017cywot wieczny. Amen.<\/div>\n<p><odstep><\/odstep><\/p>\n<div class=\"hom2\">Chwa\u0142a Ojcu<\/div>\n<div class=\"tresc1\">Chwa\u0142a Ojcu i Synowi, i Duchowi \u015awi\u0119temu,<br \/>\njak by\u0142a na pocz\u0105tku, teraz i zawsze, i na wieki wiek\u00f3w. Amen.<\/div>\n<p><odstep><\/odstep><\/p>\n<div class=\"hom2\">Pod Twoj\u0105 obron\u0119<\/div>\n<div class=\"tresc1\">Pod Twoj\u0105 obron\u0119 uciekamy si\u0119, \u015awi\u0119ta Bo\u017ca Rodzicielko, naszymi pro\u015bbami racz nie gardzi\u0107 w potrzebach naszych, ale od wszelakich z\u0142ych przyg\u00f3d racz nas zawsze wybawia\u0107, Panno chwalebna i b\u0142ogos\u0142awiona. O Pani nasza, Or\u0119downiczko nasza, Po\u015bredniczko nasza, Pocieszycielko nasza. Z Synem swoim nas pojednaj, Synowi swojemu nas polecaj, swojemu Synowi nas oddawaj.<\/div>\n<p><odstep><\/odstep><\/p>\n<div class=\"hom2\">Modlitwa \u201eAniele Bo\u017cy\u201d<\/div>\n<div class=\"tresc1\">Aniele Bo\u017cy, Str\u00f3\u017cu m\u00f3j, Ty zawsze przy mnie st\u00f3j. Rano, wiecz\u00f3r, we dnie, w nocy b\u0105d\u017a mi zawsze ku pomocy. Strze\u017c duszy, cia\u0142a mego i zaprowad\u017a mnie do \u017cywota wiecznego. Amen.<\/div>\n<p><odstep><\/odstep><\/p>\n<\/div>\n<p><!-- \/Widget Shortcode --><\/p>\n","protected":false},"author":2,"featured_media":0,"parent":0,"menu_order":0,"comment_status":"closed","ping_status":"closed","template":"","meta":{"_et_pb_use_builder":"on","_et_pb_old_content":"","_et_gb_content_width":"","footnotes":""},"class_list":["post-21619","page","type-page","status-publish","hentry"],"publishpress_future_workflow_manual_trigger":{"enabledWorkflows":[]},"_links":{"self":[{"href":"https:\/\/parafia-rozniszew.pl\/wp\/index.php?rest_route=\/wp\/v2\/pages\/21619","targetHints":{"allow":["GET"]}}],"collection":[{"href":"https:\/\/parafia-rozniszew.pl\/wp\/index.php?rest_route=\/wp\/v2\/pages"}],"about":[{"href":"https:\/\/parafia-rozniszew.pl\/wp\/index.php?rest_route=\/wp\/v2\/types\/page"}],"author":[{"embeddable":true,"href":"https:\/\/parafia-rozniszew.pl\/wp\/index.php?rest_route=\/wp\/v2\/users\/2"}],"replies":[{"embeddable":true,"href":"https:\/\/parafia-rozniszew.pl\/wp\/index.php?rest_route=%2Fwp%2Fv2%2Fcomments&post=21619"}],"version-history":[{"count":22,"href":"https:\/\/parafia-rozniszew.pl\/wp\/index.php?rest_route=\/wp\/v2\/pages\/21619\/revisions"}],"predecessor-version":[{"id":21699,"href":"https:\/\/parafia-rozniszew.pl\/wp\/index.php?rest_route=\/wp\/v2\/pages\/21619\/revisions\/21699"}],"wp:attachment":[{"href":"https:\/\/parafia-rozniszew.pl\/wp\/index.php?rest_route=%2Fwp%2Fv2%2Fmedia&parent=21619"}],"curies":[{"name":"wp","href":"https:\/\/api.w.org\/{rel}","templated":true}]}}